{"id":29,"date":"2021-04-27T23:27:49","date_gmt":"2021-04-27T23:27:49","guid":{"rendered":"https:\/\/intervalvulas.com.co\/?page_id=29"},"modified":"2021-04-28T00:49:48","modified_gmt":"2021-04-28T00:49:48","slug":"inicio","status":"publish","type":"page","link":"https:\/\/intervalvulas.com.co\/","title":{"rendered":"Nuestra Compa\u00f1\u00eda"},"content":{"rendered":"\n<p class=\"has-drop-cap has-text-align-left has-black-color has-white-background-color has-text-color has-background\" style=\"line-height:1.4\">FERRETER\u00cdA INTERV\u00c1LVULAS LTDA Con una trayectoria  de mas de 20 a\u00f1os se ha posicionado en el mercado ferretero, industrial y petrolero, gracias a la  comercializaci\u00f3n de productos y suministros para la conducci\u00f3n, manejo y control de fluidos petroleoqu\u00edmicos como, Vapor, Agua , Aire y Gas.<\/p>\n","protected":false},"excerpt":{"rendered":"<p>FERRETER\u00cdA INTERV\u00c1LVULAS LTDA Con una trayectoria de mas de 20 a\u00f1os se ha posicionado en el mercado ferretero, industrial y petrolero, gracias a la comercializaci\u00f3n de productos y suministros para la conducci\u00f3n, manejo y control de fluidos petroleoqu\u00edmicos como, Vapor, Agua , Aire y Gas.<\/p>\n","protected":false},"author":1,"featured_media":0,"parent":0,"menu_order":0,"comment_status":"closed","ping_status":"closed","template":"","meta":{"_uag_custom_page_level_css":"","footnotes":""},"class_list":["post-29","page","type-page","status-publish","hentry"],"uagb_featured_image_src":{"full":false,"thumbnail":false,"medium":false,"medium_large":false,"large":false,"1536x1536":false,"2048x2048":false,"twentyseventeen-featured-image":false,"twentyseventeen-thumbnail-avatar":false},"uagb_author_info":{"display_name":"admin","author_link":"https:\/\/intervalvulas.com.co\/index.php\/author\/admin_p1y9aum1\/"},"uagb_comment_info":0,"uagb_excerpt":"FERRETER\u00cdA INTERV\u00c1LVULAS LTDA Con una trayectoria de mas de 20 a\u00f1os se ha posicionado en el mercado ferretero, industrial y petrolero, gracias a la comercializaci\u00f3n de productos y suministros para la conducci\u00f3n, manejo y control de fluidos petroleoqu\u00edmicos como, Vapor, Agua , Aire y Gas.","_links":{"self":[{"href":"https:\/\/intervalvulas.com.co\/index.php\/wp-json\/wp\/v2\/pages\/29","targetHints":{"allow":["GET"]}}],"collection":[{"href":"https:\/\/intervalvulas.com.co\/index.php\/wp-json\/wp\/v2\/pages"}],"about":[{"href":"https:\/\/intervalvulas.com.co\/index.php\/wp-json\/wp\/v2\/types\/page"}],"author":[{"embeddable":true,"href":"https:\/\/intervalvulas.com.co\/index.php\/wp-json\/wp\/v2\/users\/1"}],"replies":[{"embeddable":true,"href":"https:\/\/intervalvulas.com.co\/index.php\/wp-json\/wp\/v2\/comments?post=29"}],"version-history":[{"count":2,"href":"https:\/\/intervalvulas.com.co\/index.php\/wp-json\/wp\/v2\/pages\/29\/revisions"}],"predecessor-version":[{"id":60,"href":"https:\/\/intervalvulas.com.co\/index.php\/wp-json\/wp\/v2\/pages\/29\/revisions\/60"}],"wp:attachment":[{"href":"https:\/\/intervalvulas.com.co\/index.php\/wp-json\/wp\/v2\/media?parent=29"}],"curies":[{"name":"wp","href":"https:\/\/api.w.org\/{rel}","templated":true}]}}