{"id":31,"date":"2021-04-27T23:27:49","date_gmt":"2021-04-27T23:27:49","guid":{"rendered":"https:\/\/intervalvulas.com.co\/?page_id=31"},"modified":"2021-04-27T23:27:49","modified_gmt":"2021-04-27T23:27:49","slug":"contacto","status":"publish","type":"page","link":"https:\/\/intervalvulas.com.co\/index.php\/contacto\/","title":{"rendered":"Contacto"},"content":{"rendered":"\n<p>Esta es una p\u00e1gina con informaci\u00f3n de contacto b\u00e1sica, como la direcci\u00f3n y el n\u00famero de tel\u00e9fono. Incluso puedes probar un plugin para a\u00f1adir un formulario de contacto.<\/p>\n","protected":false},"excerpt":{"rendered":"<p>Esta es una p\u00e1gina con informaci\u00f3n de contacto b\u00e1sica, como la direcci\u00f3n y el n\u00famero de tel\u00e9fono. Incluso puedes probar un plugin para a\u00f1adir un formulario de contacto.<\/p>\n","protected":false},"author":1,"featured_media":26,"parent":0,"menu_order":0,"comment_status":"closed","ping_status":"closed","template":"","meta":{"_uag_custom_page_level_css":"","footnotes":""},"class_list":["post-31","page","type-page","status-publish","has-post-thumbnail","hentry"],"uagb_featured_image_src":{"full":["https:\/\/intervalvulas.com.co\/wp-content\/uploads\/2021\/04\/espresso-2.jpg",2000,1200,false],"thumbnail":["https:\/\/intervalvulas.com.co\/wp-content\/uploads\/2021\/04\/espresso-2-150x150.jpg",150,150,true],"medium":["https:\/\/intervalvulas.com.co\/wp-content\/uploads\/2021\/04\/espresso-2-300x180.jpg",300,180,true],"medium_large":["https:\/\/intervalvulas.com.co\/wp-content\/uploads\/2021\/04\/espresso-2-768x461.jpg",525,315,true],"large":["https:\/\/intervalvulas.com.co\/wp-content\/uploads\/2021\/04\/espresso-2-1024x614.jpg",525,315,true],"1536x1536":["https:\/\/intervalvulas.com.co\/wp-content\/uploads\/2021\/04\/espresso-2-1536x922.jpg",1536,922,true],"2048x2048":["https:\/\/intervalvulas.com.co\/wp-content\/uploads\/2021\/04\/espresso-2.jpg",2000,1200,false],"twentyseventeen-featured-image":["https:\/\/intervalvulas.com.co\/wp-content\/uploads\/2021\/04\/espresso-2.jpg",2000,1200,false],"twentyseventeen-thumbnail-avatar":["https:\/\/intervalvulas.com.co\/wp-content\/uploads\/2021\/04\/espresso-2-100x100.jpg",100,100,true]},"uagb_author_info":{"display_name":"admin","author_link":"https:\/\/intervalvulas.com.co\/index.php\/author\/admin_p1y9aum1\/"},"uagb_comment_info":0,"uagb_excerpt":"Esta es una p\u00e1gina con informaci\u00f3n de contacto b\u00e1sica, como la direcci\u00f3n y el n\u00famero de tel\u00e9fono. Incluso puedes probar un plugin para a\u00f1adir un formulario de contacto.","_links":{"self":[{"href":"https:\/\/intervalvulas.com.co\/index.php\/wp-json\/wp\/v2\/pages\/31","targetHints":{"allow":["GET"]}}],"collection":[{"href":"https:\/\/intervalvulas.com.co\/index.php\/wp-json\/wp\/v2\/pages"}],"about":[{"href":"https:\/\/intervalvulas.com.co\/index.php\/wp-json\/wp\/v2\/types\/page"}],"author":[{"embeddable":true,"href":"https:\/\/intervalvulas.com.co\/index.php\/wp-json\/wp\/v2\/users\/1"}],"replies":[{"embeddable":true,"href":"https:\/\/intervalvulas.com.co\/index.php\/wp-json\/wp\/v2\/comments?post=31"}],"version-history":[{"count":1,"href":"https:\/\/intervalvulas.com.co\/index.php\/wp-json\/wp\/v2\/pages\/31\/revisions"}],"predecessor-version":[{"id":45,"href":"https:\/\/intervalvulas.com.co\/index.php\/wp-json\/wp\/v2\/pages\/31\/revisions\/45"}],"wp:featuredmedia":[{"embeddable":true,"href":"https:\/\/intervalvulas.com.co\/index.php\/wp-json\/wp\/v2\/media\/26"}],"wp:attachment":[{"href":"https:\/\/intervalvulas.com.co\/index.php\/wp-json\/wp\/v2\/media?parent=31"}],"curies":[{"name":"wp","href":"https:\/\/api.w.org\/{rel}","templated":true}]}}